{"id":2421,"date":"2025-10-14T03:47:38","date_gmt":"2025-10-14T03:47:38","guid":{"rendered":"https:\/\/wedasha.wedashaandmore.com\/?page_id=2421"},"modified":"2025-10-14T06:22:46","modified_gmt":"2025-10-14T06:22:46","slug":"galerie-wedasha-beauty","status":"publish","type":"page","link":"https:\/\/wedasha.wedashaandmore.com\/en\/galerie-wedasha-beauty\/","title":{"rendered":"Galerie Wedasha Beauty"},"content":{"rendered":"<!-- BANNI\u00c8RE GALERIE -->\n<section style=\"  background: linear-gradient(135deg, #f9d8e3, #fceac5);  padding: 100px 40px;  text-align: center;  font-family: 'Poppins', sans-serif;  color: #fff;  position: relative;\">\n  <h1 style=\"font-size: 48px; color: #E5B838; margin: 0;\">Galerie Wedasha Beauty<\/h1>\n  <h3 style=\"font-size: 22px; color: #fff8e7; margin-top: 10px;\">Wedasha Beauty Gallery<\/h3>\n<\/section>\n\n\n\n<!-- SECTION 7 : Services Beaut\u00e9 \/ Beauty Services -->\n<section style=\"  background: linear-gradient(135deg, #fff6f8 0%, #fdf1d5 100%);  padding: 100px 40px;  font-family: 'Poppins', sans-serif;  text-align: center;  color: #444;\">\n\n  <!-- Titre principal -->\n  <h2 style=\"    font-size: 42px;    color: #E5B838;    margin-bottom: 15px;    letter-spacing: 1px;  \">\n    Nos Services Beaut\u00e9 \/ Our Beauty Services\n  <\/h2>\n  <p style=\"font-size: 18px; color: #777; margin-bottom: 70px; max-width: 800px; margin-left:auto; margin-right:auto;\">\n    D\u00e9couvrez l\u2019univers beaut\u00e9 de <strong>Wedasha Store and More<\/strong> \u2014 un espace d\u00e9di\u00e9 \u00e0 votre bien-\u00eatre, votre \u00e9clat naturel et votre confiance.  \n    <br><em>Discover the beauty universe of Wedasha Store and More \u2014 a space dedicated to your well-being and natural glow.<\/em>\n  <\/p>\n\n  <!-- Grille des services -->\n  <div style=\"    display: flex;    flex-wrap: wrap;    justify-content: center;    gap: 40px;  \">\n\n    <!-- Service 1 : Maquillage -->\n    <div style=\"      background-color: #fff;      border-radius: 20px;      box-shadow: 0 4px 20px rgba(0,0,0,0.1);      width: 320px;      padding: 40px 30px;      transition: transform 0.3s ease;    \" onmouseover=\"this.style.transform='scale(1.05)'\" onmouseout=\"this.style.transform='scale(1)'\">\n      <img decoding=\"async\" src=\"https:\/\/cdn-icons-png.flaticon.com\/512\/484\/484662.png\" width=\"70\" height=\"70\" alt=\"Makeup Icon\">\n      <h3 style=\"color: #E5B838; font-size: 22px; margin: 20px 0 10px;\">\ud83d\udc8b Maquillage Professionnel<\/h3>\n      <p style=\"font-size: 16px; color: #555; line-height: 1.8;\">\n        Sublimez votre beaut\u00e9 pour toutes les occasions \u2014 mariages, shootings, soir\u00e9es, ou \u00e9v\u00e9nements sp\u00e9ciaux.  \n        <br><em>Enhance your beauty for any occasion \u2014 weddings, photoshoots, or special events.<\/em>\n      <\/p>\n    <\/div>\n\n    <!-- Service 2 : Soins du Visage -->\n    <div style=\"      background-color: #fff;      border-radius: 20px;      box-shadow: 0 4px 20px rgba(0,0,0,0.1);      width: 320px;      padding: 40px 30px;      transition: transform 0.3s ease;    \" onmouseover=\"this.style.transform='scale(1.05)'\" onmouseout=\"this.style.transform='scale(1)'\">\n      <img decoding=\"async\" src=\"https:\/\/cdn-icons-png.flaticon.com\/512\/2874\/2874797.png\" width=\"70\" height=\"70\" alt=\"Facial Icon\">\n      <h3 style=\"color: #E5B838; font-size: 22px; margin: 20px 0 10px;\">\ud83c\udf3f Soins du Visage Erina<\/h3>\n      <p style=\"font-size: 16px; color: #555; line-height: 1.8;\">\n        Profitez de soins hydratants et r\u00e9g\u00e9n\u00e9rants \u00e0 base de nos produits <strong>Erina Glow Serum<\/strong> et <strong>Soft Cream<\/strong>.  \n        <br><em>Enjoy hydrating and rejuvenating facials with our Erina products for radiant, smooth skin.<\/em>\n      <\/p>\n    <\/div>\n\n    <!-- Service 3 : Conseils Beaut\u00e9 -->\n    <div style=\"      background-color: #fff;      border-radius: 20px;      box-shadow: 0 4px 20px rgba(0,0,0,0.1);      width: 320px;      padding: 40px 30px;      transition: transform 0.3s ease;    \" onmouseover=\"this.style.transform='scale(1.05)'\" onmouseout=\"this.style.transform='scale(1)'\">\n      <img decoding=\"async\" src=\"https:\/\/cdn-icons-png.flaticon.com\/512\/1511\/1511330.png\" width=\"70\" height=\"70\" alt=\"Consulting Icon\">\n      <h3 style=\"color: #E5B838; font-size: 22px; margin: 20px 0 10px;\">\ud83d\udcbc Conseils Beaut\u00e9<\/h3>\n      <p style=\"font-size: 16px; color: #555; line-height: 1.8;\">\n        Nos expertes vous accompagnent pour d\u00e9finir votre routine id\u00e9ale selon votre type de peau et vos besoins.  \n        <br><em>Our experts help you build a perfect skincare routine tailored to your skin type and goals.<\/em>\n      <\/p>\n    <\/div>\n  <\/div>\n\n  <!-- Bouton de r\u00e9servation -->\n  <div style=\"margin-top: 60px;\">\n    <a href=\"https:\/\/wa.me\/18572699333\" target=\"_blank\" style=\"      background-color: #E5B838;      color: white;      text-decoration: none;      padding: 15px 35px;      border-radius: 30px;      font-size: 18px;      font-weight: 600;      transition: background 0.3s;      box-shadow: 0 4px 10px rgba(0,0,0,0.15);    \" onmouseover=\"this.style.backgroundColor='#d4a92f'\" onmouseout=\"this.style.backgroundColor='#E5B838'\">\n      \ud83d\udcc5 R\u00e9server \/ Book Now\n    <\/a>\n  <\/div>\n<\/section>\n\n<!-- RESPONSIVE DESIGN -->\n<style>\n@media (max-width: 768px) {\n  section h2 {\n    font-size: 30px !important;\n  }\n  section p {\n    font-size: 15px !important;\n  }\n  section div[style*='display: flex'] {\n    flex-direction: column !important;\n    align-items: center !important;\n  }\n  section div[style*='width: 320px'] {\n    width: 90% !important;\n  }\n}\n<\/style>\n\n\n\n<section style=\"background-color:#fff; padding:60px 20px; font-family:'Poppins', sans-serif;\">\n  <h2 style=\"text-align:center; color:#C37BA4; font-size:2.5em; margin-bottom:30px;\">\n    Galerie Wedasha Beauty &#038; Studio\n  <\/h2>\n  <p style=\"text-align:center; color:#555; max-width:700px; margin:auto; font-size:1.1em;\">\n    D\u00e9couvrez l\u2019univers de <strong>Wedasha Store and More<\/strong> \u2014 un monde de beaut\u00e9, de bien-\u00eatre et d\u2019\u00e9l\u00e9gance.  \n    Chaque image refl\u00e8te notre passion pour les soins, la douceur et le luxe accessible.\n  <\/p>\n\n  <div style=\"display:grid; grid-template-columns:repeat(auto-fit,minmax(280px,1fr)); gap:20px; margin-top:40px;\">\n    \n    <!-- Image 1 -->\n    <div style=\"position:relative; overflow:hidden; border-radius:15px;\">\n      <img decoding=\"async\" src=\"https:\/\/wedasha.wedashaandmore.com\/wp-content\/uploads\/2025\/10\/1OIP.jpg\" alt=\"Soin visage naturel Wedasha\" style=\"width:100%; height:auto; border-radius:15px;\">\n      <div style=\"position:absolute; bottom:0; background:rgba(0,0,0,0.5); color:#fff; width:100%; text-align:center; padding:10px;\">\n        <strong>Soin Visage Relaxant<\/strong><br>Beaut\u00e9 et d\u00e9tente par nos expertes.\n      <\/div>\n    <\/div>\n\n    <!-- Image 2 -->\n    <div style=\"position:relative; overflow:hidden; border-radius:15px;\">\n      <img decoding=\"async\" src=\"https:\/\/wedasha.wedashaandmore.com\/wp-content\/uploads\/2025\/10\/OIP-3-1.jpg\" alt=\"Cr\u00e8me hydratante Erina Glow\" style=\"width:100%; height:auto; border-radius:15px;\">\n      <div style=\"position:absolute; bottom:0; background:rgba(0,0,0,0.5); color:#fff; width:100%; text-align:center; padding:10px;\">\n        <strong>Erina Glow Cream<\/strong><br>Hydratation et \u00e9clat naturel.\n      <\/div>\n    <\/div>\n\n    <!-- Image 3 -->\n    <div style=\"position:relative; overflow:hidden; border-radius:15px;\">\n      <img decoding=\"async\" src=\"https:\/\/wedasha.wedashaandmore.com\/wp-content\/uploads\/2025\/10\/OIP-7.jpg\" alt=\"Wedasha Beauty Studio\" style=\"width:100%; height:auto; border-radius:15px;\">\n      <div style=\"position:absolute; bottom:0; background:rgba(0,0,0,0.5); color:#fff; width:100%; text-align:center; padding:10px;\">\n        <strong>Wedasha Beauty Studio<\/strong><br>Un espace \u00e9l\u00e9gant pour sublimer votre beaut\u00e9.\n      <\/div>\n    <\/div>\n\n    <!-- Image 4 -->\n    <div style=\"position:relative; overflow:hidden; border-radius:15px;\">\n      <img decoding=\"async\" src=\"https:\/\/wedasha.wedashaandmore.com\/wp-content\/uploads\/2025\/10\/OIP-6.jpg\" alt=\"Salon rose poudr\u00e9\" style=\"width:100%; height:auto; border-radius:15px;\">\n      <div style=\"position:absolute; bottom:0; background:rgba(0,0,0,0.5); color:#fff; width:100%; text-align:center; padding:10px;\">\n        <strong>Ambiance Rose &#038; Dor\u00e9e<\/strong><br>Le raffinement au service du bien-\u00eatre.\n      <\/div>\n    <\/div>\n\n    <!-- Image 5 -->\n    <div style=\"position:relative; overflow:hidden; border-radius:15px;\">\n      <img decoding=\"async\" src=\"https:\/\/wedasha.wedashaandmore.com\/wp-content\/uploads\/2025\/10\/OIP-5.jpg\" alt=\"Espace maquillage Wedasha\" style=\"width:100%; height:auto; border-radius:15px;\">\n      <div style=\"position:absolute; bottom:0; background:rgba(0,0,0,0.5); color:#fff; width:100%; text-align:center; padding:10px;\">\n        <strong>Zone Maquillage Professionnelle<\/strong><br>Des looks personnalis\u00e9s, pour toutes les occasions.\n      <\/div>\n    <\/div>\n\n    <!-- Image 6 -->\n    <div style=\"position:relative; overflow:hidden; border-radius:15px;\">\n      <img decoding=\"async\" src=\"https:\/\/wedasha.wedashaandmore.com\/wp-content\/uploads\/2025\/10\/OIP-4.jpg\" alt=\"Soin capillaire au studio\" style=\"width:100%; height:auto; border-radius:15px;\">\n      <div style=\"position:absolute; bottom:0; background:rgba(0,0,0,0.5); color:#fff; width:100%; text-align:center; padding:10px;\">\n        <strong>Soins Capillaires<\/strong><br>Brillance, douceur et volume naturel.\n      <\/div>\n    <\/div>\n\n    <!-- Image 7 -->\n    <div style=\"position:relative; overflow:hidden; border-radius:15px;\">\n      <img decoding=\"async\" src=\"https:\/\/wedasha.wedashaandmore.com\/wp-content\/uploads\/2025\/10\/OIP-2-1.jpg\" alt=\"Beaut\u00e9 naturelle Wedasha\" style=\"width:100%; height:auto; border-radius:15px;\">\n      <div style=\"position:absolute; bottom:0; background:rgba(0,0,0,0.5); color:#fff; width:100%; text-align:center; padding:10px;\">\n        <strong>Beaut\u00e9 Naturelle<\/strong><br>L\u2019\u00e9clat au naturel sign\u00e9 Wedasha.\n      <\/div>\n    <\/div>\n\n  <\/div>\n<\/section>","protected":false},"excerpt":{"rendered":"<p>Galerie Wedasha Beauty Wedasha Beauty Gallery Nos Services Beaut\u00e9 \/ Our Beauty Services D\u00e9couvrez l\u2019univers beaut\u00e9 de Wedasha Store and More \u2014 un espace d\u00e9di\u00e9 \u00e0 votre bien-\u00eatre, votre \u00e9clat naturel et votre confiance. Discover the beauty universe of Wedasha Store and More \u2014 a space dedicated to your well-being and natural glow. \ud83d\udc8b Maquillage [&hellip;]<\/p>","protected":false},"author":1,"featured_media":0,"parent":0,"menu_order":0,"comment_status":"closed","ping_status":"closed","template":"","meta":{"om_disable_all_campaigns":false,"_uag_custom_page_level_css":"","_monsterinsights_skip_tracking":false,"_monsterinsights_sitenote_active":false,"_monsterinsights_sitenote_note":"","_monsterinsights_sitenote_category":0,"_view_id":"","site-sidebar-layout":"default","site-content-layout":"","ast-site-content-layout":"default","site-content-style":"default","site-sidebar-style":"default","ast-global-header-display":"","ast-banner-title-visibility":"","ast-main-header-display":"","ast-hfb-above-header-display":"","ast-hfb-below-header-display":"","ast-hfb-mobile-header-display":"","site-post-title":"","ast-breadcrumbs-content":"","ast-featured-img":"","footer-sml-layout":"","ast-disable-related-posts":"","theme-transparent-header-meta":"","adv-header-id-meta":"","stick-header-meta":"","header-above-stick-meta":"","header-main-stick-meta":"","header-below-stick-meta":"","astra-migrate-meta-layouts":"set","ast-page-background-enabled":"default","ast-page-background-meta":{"desktop":{"background-color":"","background-image":"","background-repeat":"repeat","background-position":"center center","background-size":"auto","background-attachment":"scroll","background-type":"","background-media":"","overlay-type":"","overlay-color":"","overlay-opacity":"","overlay-gradient":""},"tablet":{"background-color":"","background-image":"","background-repeat":"repeat","background-position":"center center","background-size":"auto","background-attachment":"scroll","background-type":"","background-media":"","overlay-type":"","overlay-color":"","overlay-opacity":"","overlay-gradient":""},"mobile":{"background-color":"","background-image":"","background-repeat":"repeat","background-position":"center center","background-size":"auto","background-attachment":"scroll","background-type":"","background-media":"","overlay-type":"","overlay-color":"","overlay-opacity":"","overlay-gradient":""}},"ast-content-background-meta":{"desktop":{"background-color":"var(--ast-global-color-5)","background-image":"","background-repeat":"repeat","background-position":"center center","background-size":"auto","background-attachment":"scroll","background-type":"","background-media":"","overlay-type":"","overlay-color":"","overlay-opacity":"","overlay-gradient":""},"tablet":{"background-color":"var(--ast-global-color-5)","background-image":"","background-repeat":"repeat","background-position":"center center","background-size":"auto","background-attachment":"scroll","background-type":"","background-media":"","overlay-type":"","overlay-color":"","overlay-opacity":"","overlay-gradient":""},"mobile":{"background-color":"var(--ast-global-color-5)","background-image":"","background-repeat":"repeat","background-position":"center center","background-size":"auto","background-attachment":"scroll","background-type":"","background-media":"","overlay-type":"","overlay-color":"","overlay-opacity":"","overlay-gradient":""}},"footnotes":""},"class_list":["post-2421","page","type-page","status-publish","hentry"],"aioseo_notices":[],"_hostinger_reach_plugin_has_subscription_block":false,"_hostinger_reach_plugin_is_elementor":false,"uagb_featured_image_src":{"full":false,"thumbnail":false,"medium":false,"medium_large":false,"large":false,"1536x1536":false,"2048x2048":false,"trp-custom-language-flag":false,"mailpoet_newsletter_max":false,"woocommerce_thumbnail":false,"woocommerce_single":false,"woocommerce_gallery_thumbnail":false},"uagb_author_info":{"display_name":"Rosier Eric","author_link":"https:\/\/wedasha.wedashaandmore.com\/en\/author\/rosiererik2014gmail-com\/"},"uagb_comment_info":0,"uagb_excerpt":"Galerie Wedasha Beauty Wedasha Beauty Gallery Nos Services Beaut\u00e9 \/ Our Beauty Services D\u00e9couvrez l\u2019univers beaut\u00e9 de Wedasha Store and More \u2014 un espace d\u00e9di\u00e9 \u00e0 votre bien-\u00eatre, votre \u00e9clat naturel et votre confiance. Discover the beauty universe of Wedasha Store and More \u2014 a space dedicated to your well-being and natural glow. \ud83d\udc8b Maquillage&hellip;","_links":{"self":[{"href":"https:\/\/wedasha.wedashaandmore.com\/en\/wp-json\/wp\/v2\/pages\/2421","targetHints":{"allow":["GET"]}}],"collection":[{"href":"https:\/\/wedasha.wedashaandmore.com\/en\/wp-json\/wp\/v2\/pages"}],"about":[{"href":"https:\/\/wedasha.wedashaandmore.com\/en\/wp-json\/wp\/v2\/types\/page"}],"author":[{"embeddable":true,"href":"https:\/\/wedasha.wedashaandmore.com\/en\/wp-json\/wp\/v2\/users\/1"}],"replies":[{"embeddable":true,"href":"https:\/\/wedasha.wedashaandmore.com\/en\/wp-json\/wp\/v2\/comments?post=2421"}],"version-history":[{"count":11,"href":"https:\/\/wedasha.wedashaandmore.com\/en\/wp-json\/wp\/v2\/pages\/2421\/revisions"}],"predecessor-version":[{"id":2450,"href":"https:\/\/wedasha.wedashaandmore.com\/en\/wp-json\/wp\/v2\/pages\/2421\/revisions\/2450"}],"wp:attachment":[{"href":"https:\/\/wedasha.wedashaandmore.com\/en\/wp-json\/wp\/v2\/media?parent=2421"}],"curies":[{"name":"wp","href":"https:\/\/api.w.org\/{rel}","templated":true}]}}