{"id":542,"date":"2025-10-12T18:01:37","date_gmt":"2025-10-12T18:01:37","guid":{"rendered":"https:\/\/wedasha.wedashaandmore.com\/home\/"},"modified":"2025-10-18T04:20:08","modified_gmt":"2025-10-18T04:20:08","slug":"home","status":"publish","type":"page","link":"https:\/\/wedasha.wedashaandmore.com\/en\/","title":{"rendered":"Home"},"content":{"rendered":"<div class=\"wp-block-uagb-container uagb-block-5faada15 alignfull uagb-is-root-container\"><div class=\"uagb-container-inner-blocks-wrap\"><\/div><\/div>\n\n\n\n<!-- SECTION 1 : HERO - Wedasha Store and More -->\n<section style=\"  background: linear-gradient(rgba(255,192,203,0.3), rgba(255,192,203,0.3)),              url('https:\/\/wedasha.wedashaandmore.com\/wp-content\/uploads\/2025\/10\/ChatGPT-Image-12-oct.-2025-18_37_16.png') center\/cover no-repeat;  padding: 180px 40px;  min-height: 100vh;  color: #fff;  font-family: 'Poppins', sans-serif;  text-align: center;  display: flex;  flex-direction: column;  justify-content: center;  position: relative;\">\n\n  <!-- Logo -->\n  <div style=\"position: absolute; top: 40px; left: 50%; transform: translateX(-50%);\">\n    <h1 style=\"font-size: 70px; font-weight: bold; color: #ffffff; margin: 0;\">WSM<\/h1>\n    <p style=\"color: #ffffff; font-size: 20px; margin-top: -10px;\">WEDASHA STORE AND MORE<\/p>\n  <\/div>\n\n  <!-- Texte principal -->\n  <div style=\"max-width: 900px; margin: 0 auto; margin-top: 120px;\">\n    <h2 style=\"font-size: 48px; font-weight: 700; color: #F5D76E; text-shadow: 1px 1px 3px rgba(0,0,0,0.3); margin-bottom: 10px;\">\n      ERINA BY WEDASHA - YOUR NATURAL GLOW\n    <\/h2>\n    <p style=\"font-size: 20px; color: #ffffff; line-height: 1.6; margin-bottom: 40px;\" class=\"translation-block\">D\u00e9couvrez la beaut\u00e9 au naturel avec <strong>Erina<\/strong> par <strong>Wedasha<\/strong>.\r\n      Des soins doux et raffin\u00e9s con\u00e7us pour illuminer, hydrater et r\u00e9v\u00e9ler l\u2019\u00e9clat unique de votre peau.<\/p>\n\n    <!-- Bouton -->\n   <a href=\"\/en\/shop\/\" class=\"btn\" style=\"background-color:#F5C71A; color:#000; padding:12px 28px; border-radius:8px; font-weight:bold; text-transform:uppercase; text-decoration:none;\">\n  Discover our products\n<\/a>\n  <\/div>\n\n<\/section>\n\n<!-- RESPONSIVE DESIGN -->\n<style>\n@media (max-width: 768px) {\n  section {\n    padding: 120px 20px !important;\n    background-position: center top !important;\n  }\n  section h1 {\n    font-size: 50px !important;\n  }\n  section h2 {\n    font-size: 32px !important;\n  }\n  section p {\n    font-size: 16px !important;\n  }\n}\n<\/style>\n\n\n\n<!-- SECTION 6 : Pied de page (Footer) -->\n<footer style=\"  background-color: #2E2E2E;  color: white;  text-align: center;  font-family: 'Poppins', sans-serif;  padding: 60px 20px 30px 20px;\">\n\n  <!-- Logo + Slogan -->\n  <div style=\"margin-bottom: 30px;\">\n    <h2 style=\"color: #E5B838; letter-spacing: 2px; font-size: 32px;\">WSM<\/h2>\n    <p style=\"font-size: 18px; color: #fff;\">\n      <strong>Wedasha Store and More<\/strong><br>\n      Natural beauty revealed \/ <em>Your Natural Glow<\/em>\n    <\/p>\n  <\/div>\n\n  <!-- Liens de navigation -->\n  <div style=\"    display: flex;    flex-wrap: wrap;    justify-content: center;    gap: 30px;    margin-bottom: 40px;  \">\n    <a href=\"#home\" style=\"color: #E5B838; text-decoration: none;\">Home \/ Home<\/a>\n    <a href=\"#products\" style=\"color: #E5B838; text-decoration: none;\">Produits \/ Products<\/a>\n    <a href=\"#about\" style=\"color: #E5B838; text-decoration: none;\">\u00c0 propos \/ About<\/a>\n    <a href=\"#testimonials\" style=\"color: #E5B838; text-decoration: none;\">Testimonials \/ Reviews<\/a>\n    <a href=\"#contact\" style=\"color: #E5B838; text-decoration: none;\">Contact<\/a>\n  <\/div>\n\n  <!-- R\u00e9seaux sociaux -->\n  <div style=\"margin-bottom: 30px;\">\n    <a href=\"https:\/\/www.instagram.com\" target=\"_blank\" style=\"margin: 0 15px;\">\n      <img decoding=\"async\" src=\"https:\/\/cdn-icons-png.flaticon.com\/512\/2111\/2111463.png\" width=\"35\" height=\"35\" alt=\"Instagram\">\n    <\/a>\n    <a href=\"https:\/\/www.facebook.com\" target=\"_blank\" style=\"margin: 0 15px;\">\n      <img decoding=\"async\" src=\"https:\/\/cdn-icons-png.flaticon.com\/512\/733\/733547.png\" width=\"35\" height=\"35\" alt=\"Facebook\">\n    <\/a>\n    <a href=\"https:\/\/wa.me\/18572699313 \/ 7728820104 \/ +(509) 44376517 +(509)36551676\" target=\"_blank\" style=\"margin: 0 15px;\">\n      <img decoding=\"async\" src=\"https:\/\/cdn-icons-png.flaticon.com\/512\/733\/733585.png\" width=\"35\" height=\"35\" alt=\"WhatsApp\">\n    <\/a>\n  <\/div>\n\n  <!-- Ligne dor\u00e9e -->\n  <div style=\"width: 80%; height: 1px; background-color: #E5B838; margin: 0 auto 20px;\"><\/div>\n\n  <!-- Mentions et Copyright -->\n  <p style=\"font-size: 14px; color: #ccc;\">\n    \u00a9 2025 <strong>Wedasha Store and More LLC<\/strong> - Tous droits r\u00e9serv\u00e9s \/ All rights reserved.<br>\n    Designed with \u2764\ufe0f by Wedasha Beauty Studio\n  <\/p>\n\n<\/footer>\n\n<!-- Responsive -->\n<style>\n@media (max-width: 768px) {\n  footer h2 { font-size: 26px !important; }\n  footer p { font-size: 14px !important; }\n  footer a img { width: 28px !important; height: 28px !important; }\n}\n<\/style>\n\n\n\n<p><\/p>","protected":false},"excerpt":{"rendered":"<p>WSM WEDASHA STORE AND MORE ERINA BY WEDASHA \u2013 YOUR NATURAL GLOW D\u00e9couvrez la beaut\u00e9 au naturel avec Erina par Wedasha. Des soins doux et raffin\u00e9s con\u00e7us pour illuminer, hydrater et r\u00e9v\u00e9ler l\u2019\u00e9clat unique de votre peau. D\u00e9couvrir nos produits WSM Wedasha Store and More La beaut\u00e9 naturelle r\u00e9v\u00e9l\u00e9e \/ Your Natural Glow Accueil \/ [&hellip;]<\/p>","protected":false},"author":1,"featured_media":0,"parent":0,"menu_order":0,"comment_status":"closed","ping_status":"closed","template":"","meta":{"om_disable_all_campaigns":false,"_uag_custom_page_level_css":"","_monsterinsights_skip_tracking":false,"_monsterinsights_sitenote_active":false,"_monsterinsights_sitenote_note":"","_monsterinsights_sitenote_category":0,"_view_id":"","site-sidebar-layout":"no-sidebar","site-content-layout":"plain-container","ast-site-content-layout":"full-width-container","site-content-style":"unboxed","site-sidebar-style":"unboxed","ast-global-header-display":"","ast-banner-title-visibility":"","ast-main-header-display":"","ast-hfb-above-header-display":"","ast-hfb-below-header-display":"","ast-hfb-mobile-header-display":"","site-post-title":"disabled","ast-breadcrumbs-content":"disabled","ast-featured-img":"disabled","footer-sml-layout":"","ast-disable-related-posts":"","theme-transparent-header-meta":"enabled","adv-header-id-meta":"","stick-header-meta":"","header-above-stick-meta":"","header-main-stick-meta":"","header-below-stick-meta":"","astra-migrate-meta-layouts":"set","ast-page-background-enabled":"default","ast-page-background-meta":{"desktop":{"background-color":"","background-image":"","background-repeat":"repeat","background-position":"center center","background-size":"auto","background-attachment":"scroll","background-type":"","background-media":"","overlay-type":"","overlay-color":"","overlay-opacity":"","overlay-gradient":""},"tablet":{"background-color":"","background-image":"","background-repeat":"repeat","background-position":"center center","background-size":"auto","background-attachment":"scroll","background-type":"","background-media":"","overlay-type":"","overlay-color":"","overlay-opacity":"","overlay-gradient":""},"mobile":{"background-color":"","background-image":"","background-repeat":"repeat","background-position":"center center","background-size":"auto","background-attachment":"scroll","background-type":"","background-media":"","overlay-type":"","overlay-color":"","overlay-opacity":"","overlay-gradient":""}},"ast-content-background-meta":{"desktop":{"background-color":"var(--ast-global-color-5)","background-image":"","background-repeat":"repeat","background-position":"center center","background-size":"auto","background-attachment":"scroll","background-type":"","background-media":"","overlay-type":"","overlay-color":"","overlay-opacity":"","overlay-gradient":""},"tablet":{"background-color":"var(--ast-global-color-5)","background-image":"","background-repeat":"repeat","background-position":"center center","background-size":"auto","background-attachment":"scroll","background-type":"","background-media":"","overlay-type":"","overlay-color":"","overlay-opacity":"","overlay-gradient":""},"mobile":{"background-color":"var(--ast-global-color-5)","background-image":"","background-repeat":"repeat","background-position":"center center","background-size":"auto","background-attachment":"scroll","background-type":"","background-media":"","overlay-type":"","overlay-color":"","overlay-opacity":"","overlay-gradient":""}},"footnotes":""},"class_list":["post-542","page","type-page","status-publish","hentry"],"aioseo_notices":[],"_hostinger_reach_plugin_has_subscription_block":false,"_hostinger_reach_plugin_is_elementor":false,"uagb_featured_image_src":{"full":false,"thumbnail":false,"medium":false,"medium_large":false,"large":false,"1536x1536":false,"2048x2048":false,"trp-custom-language-flag":false,"mailpoet_newsletter_max":false,"woocommerce_thumbnail":false,"woocommerce_single":false,"woocommerce_gallery_thumbnail":false},"uagb_author_info":{"display_name":"Rosier Eric","author_link":"https:\/\/wedasha.wedashaandmore.com\/en\/author\/rosiererik2014gmail-com\/"},"uagb_comment_info":0,"uagb_excerpt":"WSM WEDASHA STORE AND MORE ERINA BY WEDASHA \u2013 YOUR NATURAL GLOW D\u00e9couvrez la beaut\u00e9 au naturel avec Erina par Wedasha. Des soins doux et raffin\u00e9s con\u00e7us pour illuminer, hydrater et r\u00e9v\u00e9ler l\u2019\u00e9clat unique de votre peau. D\u00e9couvrir nos produits WSM Wedasha Store and More La beaut\u00e9 naturelle r\u00e9v\u00e9l\u00e9e \/ Your Natural Glow Accueil \/&hellip;","_links":{"self":[{"href":"https:\/\/wedasha.wedashaandmore.com\/en\/wp-json\/wp\/v2\/pages\/542","targetHints":{"allow":["GET"]}}],"collection":[{"href":"https:\/\/wedasha.wedashaandmore.com\/en\/wp-json\/wp\/v2\/pages"}],"about":[{"href":"https:\/\/wedasha.wedashaandmore.com\/en\/wp-json\/wp\/v2\/types\/page"}],"author":[{"embeddable":true,"href":"https:\/\/wedasha.wedashaandmore.com\/en\/wp-json\/wp\/v2\/users\/1"}],"replies":[{"embeddable":true,"href":"https:\/\/wedasha.wedashaandmore.com\/en\/wp-json\/wp\/v2\/comments?post=542"}],"version-history":[{"count":43,"href":"https:\/\/wedasha.wedashaandmore.com\/en\/wp-json\/wp\/v2\/pages\/542\/revisions"}],"predecessor-version":[{"id":2657,"href":"https:\/\/wedasha.wedashaandmore.com\/en\/wp-json\/wp\/v2\/pages\/542\/revisions\/2657"}],"wp:attachment":[{"href":"https:\/\/wedasha.wedashaandmore.com\/en\/wp-json\/wp\/v2\/media?parent=542"}],"curies":[{"name":"wp","href":"https:\/\/api.w.org\/{rel}","templated":true}]}}