{"id":2563,"date":"2025-10-15T22:32:22","date_gmt":"2025-10-15T22:32:22","guid":{"rendered":"https:\/\/wedasha.wedashaandmore.com\/product\/erina-glow-serum\/"},"modified":"2025-10-15T23:00:40","modified_gmt":"2025-10-15T23:00:40","slug":"erina-glow-serum","status":"publish","type":"product","link":"https:\/\/wedasha.wedashaandmore.com\/en\/product\/erina-glow-serum\/","title":{"rendered":"ERINA Glow Serum"},"content":{"rendered":"<p>S\u00e9rum illuminateur haute performance. Restaure la vitalit\u00e9 et la brillance de la peau gr\u00e2ce \u00e0 des ingr\u00e9dients naturels et puissants.<\/p>","protected":false},"excerpt":{"rendered":"<p>30ml \u2013 Enrichi en vitamine C et acide hyaluronique.<\/p>","protected":false},"featured_media":2230,"comment_status":"open","ping_status":"closed","template":"","meta":{"om_disable_all_campaigns":false,"_uag_custom_page_level_css":"","_monsterinsights_skip_tracking":false,"_monsterinsights_sitenote_active":false,"_monsterinsights_sitenote_note":"","_monsterinsights_sitenote_category":0,"_view_id":"","site-sidebar-layout":"default","site-content-layout":"","ast-site-content-layout":"default","site-content-style":"default","site-sidebar-style":"default","ast-global-header-display":"","ast-banner-title-visibility":"","ast-main-header-display":"","ast-hfb-above-header-display":"","ast-hfb-below-header-display":"","ast-hfb-mobile-header-display":"","site-post-title":"","ast-breadcrumbs-content":"","ast-featured-img":"","footer-sml-layout":"","ast-disable-related-posts":"","theme-transparent-header-meta":"","adv-header-id-meta":"","stick-header-meta":"","header-above-stick-meta":"","header-main-stick-meta":"","header-below-stick-meta":"","astra-migrate-meta-layouts":"default","ast-page-background-enabled":"default","ast-page-background-meta":{"desktop":{"background-color":"","background-image":"","background-repeat":"repeat","background-position":"center center","background-size":"auto","background-attachment":"scroll","background-type":"","background-media":"","overlay-type":"","overlay-color":"","overlay-opacity":"","overlay-gradient":""},"tablet":{"background-color":"","background-image":"","background-repeat":"repeat","background-position":"center center","background-size":"auto","background-attachment":"scroll","background-type":"","background-media":"","overlay-type":"","overlay-color":"","overlay-opacity":"","overlay-gradient":""},"mobile":{"background-color":"","background-image":"","background-repeat":"repeat","background-position":"center center","background-size":"auto","background-attachment":"scroll","background-type":"","background-media":"","overlay-type":"","overlay-color":"","overlay-opacity":"","overlay-gradient":""}},"ast-content-background-meta":{"desktop":{"background-color":"var(--ast-global-color-5)","background-image":"","background-repeat":"repeat","background-position":"center center","background-size":"auto","background-attachment":"scroll","background-type":"","background-media":"","overlay-type":"","overlay-color":"","overlay-opacity":"","overlay-gradient":""},"tablet":{"background-color":"var(--ast-global-color-5)","background-image":"","background-repeat":"repeat","background-position":"center center","background-size":"auto","background-attachment":"scroll","background-type":"","background-media":"","overlay-type":"","overlay-color":"","overlay-opacity":"","overlay-gradient":""},"mobile":{"background-color":"var(--ast-global-color-5)","background-image":"","background-repeat":"repeat","background-position":"center center","background-size":"auto","background-attachment":"scroll","background-type":"","background-media":"","overlay-type":"","overlay-color":"","overlay-opacity":"","overlay-gradient":""}}},"product_brand":[],"product_cat":[38],"product_tag":[],"class_list":{"0":"post-2563","1":"product","2":"type-product","3":"status-publish","4":"has-post-thumbnail","6":"product_cat-beaute-soins-visage","7":"desktop-align-left","8":"tablet-align-left","9":"mobile-align-left","11":"first","12":"instock","13":"taxable","14":"shipping-taxable","15":"purchasable","16":"product-type-simple"},"aioseo_notices":[],"uagb_featured_image_src":{"full":["https:\/\/wedasha.wedashaandmore.com\/wp-content\/uploads\/2025\/10\/erina-glow-serum-1.jpg",1024,1462,false],"thumbnail":["https:\/\/wedasha.wedashaandmore.com\/wp-content\/uploads\/2025\/10\/erina-glow-serum-1-150x150.jpg",150,150,true],"medium":["https:\/\/wedasha.wedashaandmore.com\/wp-content\/uploads\/2025\/10\/erina-glow-serum-1-210x300.jpg",210,300,true],"medium_large":["https:\/\/wedasha.wedashaandmore.com\/wp-content\/uploads\/2025\/10\/erina-glow-serum-1-768x1097.jpg",768,1097,true],"large":["https:\/\/wedasha.wedashaandmore.com\/wp-content\/uploads\/2025\/10\/erina-glow-serum-1-717x1024.jpg",717,1024,true],"1536x1536":["https:\/\/wedasha.wedashaandmore.com\/wp-content\/uploads\/2025\/10\/erina-glow-serum-1.jpg",1024,1462,false],"2048x2048":["https:\/\/wedasha.wedashaandmore.com\/wp-content\/uploads\/2025\/10\/erina-glow-serum-1.jpg",1024,1462,false],"trp-custom-language-flag":["https:\/\/wedasha.wedashaandmore.com\/wp-content\/uploads\/2025\/10\/erina-glow-serum-1-8x12.jpg",8,12,true],"mailpoet_newsletter_max":["https:\/\/wedasha.wedashaandmore.com\/wp-content\/uploads\/2025\/10\/erina-glow-serum-1.jpg",1024,1462,false],"woocommerce_thumbnail":["https:\/\/wedasha.wedashaandmore.com\/wp-content\/uploads\/2025\/10\/erina-glow-serum-1-300x300.jpg",300,300,true],"woocommerce_single":["https:\/\/wedasha.wedashaandmore.com\/wp-content\/uploads\/2025\/10\/erina-glow-serum-1-400x571.jpg",400,571,true],"woocommerce_gallery_thumbnail":["https:\/\/wedasha.wedashaandmore.com\/wp-content\/uploads\/2025\/10\/erina-glow-serum-1-100x100.jpg",100,100,true]},"uagb_author_info":{"display_name":"Rosier Eric","author_link":"https:\/\/wedasha.wedashaandmore.com\/en\/author\/"},"uagb_comment_info":0,"uagb_excerpt":"30ml \u2013 Enrichi en vitamine C et acide hyaluronique.","_links":{"self":[{"href":"https:\/\/wedasha.wedashaandmore.com\/en\/wp-json\/wp\/v2\/product\/2563","targetHints":{"allow":["GET"]}}],"collection":[{"href":"https:\/\/wedasha.wedashaandmore.com\/en\/wp-json\/wp\/v2\/product"}],"about":[{"href":"https:\/\/wedasha.wedashaandmore.com\/en\/wp-json\/wp\/v2\/types\/product"}],"replies":[{"embeddable":true,"href":"https:\/\/wedasha.wedashaandmore.com\/en\/wp-json\/wp\/v2\/comments?post=2563"}],"wp:featuredmedia":[{"embeddable":true,"href":"https:\/\/wedasha.wedashaandmore.com\/en\/wp-json\/wp\/v2\/media\/2230"}],"wp:attachment":[{"href":"https:\/\/wedasha.wedashaandmore.com\/en\/wp-json\/wp\/v2\/media?parent=2563"}],"wp:term":[{"taxonomy":"product_brand","embeddable":true,"href":"https:\/\/wedasha.wedashaandmore.com\/en\/wp-json\/wp\/v2\/product_brand?post=2563"},{"taxonomy":"product_cat","embeddable":true,"href":"https:\/\/wedasha.wedashaandmore.com\/en\/wp-json\/wp\/v2\/product_cat?post=2563"},{"taxonomy":"product_tag","embeddable":true,"href":"https:\/\/wedasha.wedashaandmore.com\/en\/wp-json\/wp\/v2\/product_tag?post=2563"}],"curies":[{"name":"wp","href":"https:\/\/api.w.org\/{rel}","templated":true}]}}