{"id":2799,"date":"2025-10-18T06:53:06","date_gmt":"2025-10-18T06:53:06","guid":{"rendered":"https:\/\/wedasha.wedashaandmore.com\/product\/mini-hachoir-electrique-transparent\/"},"modified":"2026-01-10T21:44:13","modified_gmt":"2026-01-10T21:44:13","slug":"mini-hachoir-electrique-transparent","status":"publish","type":"product","link":"https:\/\/wedasha.wedashaandmore.com\/en\/product\/mini-hachoir-electrique-transparent\/","title":{"rendered":"Mini Hachoir \u00c9lectrique Transparent"},"content":{"rendered":"<p>Hachoir compact id\u00e9al pour fruits, l\u00e9gumes et noix. Bol transparent et moteur puissant.<\/p>","protected":false},"excerpt":{"rendered":"<p>Transparent Electric Mini Chopper<\/p>","protected":false},"featured_media":2934,"comment_status":"open","ping_status":"closed","template":"","meta":{"om_disable_all_campaigns":false,"_uag_custom_page_level_css":"","_monsterinsights_skip_tracking":false,"_monsterinsights_sitenote_active":false,"_monsterinsights_sitenote_note":"","_monsterinsights_sitenote_category":0,"_view_id":"","site-sidebar-layout":"default","site-content-layout":"","ast-site-content-layout":"default","site-content-style":"default","site-sidebar-style":"default","ast-global-header-display":"","ast-banner-title-visibility":"","ast-main-header-display":"","ast-hfb-above-header-display":"","ast-hfb-below-header-display":"","ast-hfb-mobile-header-display":"","site-post-title":"","ast-breadcrumbs-content":"","ast-featured-img":"","footer-sml-layout":"","ast-disable-related-posts":"","theme-transparent-header-meta":"","adv-header-id-meta":"","stick-header-meta":"","header-above-stick-meta":"","header-main-stick-meta":"","header-below-stick-meta":"","astra-migrate-meta-layouts":"default","ast-page-background-enabled":"default","ast-page-background-meta":{"desktop":{"background-color":"","background-image":"","background-repeat":"repeat","background-position":"center center","background-size":"auto","background-attachment":"scroll","background-type":"","background-media":"","overlay-type":"","overlay-color":"","overlay-opacity":"","overlay-gradient":""},"tablet":{"background-color":"","background-image":"","background-repeat":"repeat","background-position":"center center","background-size":"auto","background-attachment":"scroll","background-type":"","background-media":"","overlay-type":"","overlay-color":"","overlay-opacity":"","overlay-gradient":""},"mobile":{"background-color":"","background-image":"","background-repeat":"repeat","background-position":"center center","background-size":"auto","background-attachment":"scroll","background-type":"","background-media":"","overlay-type":"","overlay-color":"","overlay-opacity":"","overlay-gradient":""}},"ast-content-background-meta":{"desktop":{"background-color":"var(--ast-global-color-5)","background-image":"","background-repeat":"repeat","background-position":"center center","background-size":"auto","background-attachment":"scroll","background-type":"","background-media":"","overlay-type":"","overlay-color":"","overlay-opacity":"","overlay-gradient":""},"tablet":{"background-color":"var(--ast-global-color-5)","background-image":"","background-repeat":"repeat","background-position":"center center","background-size":"auto","background-attachment":"scroll","background-type":"","background-media":"","overlay-type":"","overlay-color":"","overlay-opacity":"","overlay-gradient":""},"mobile":{"background-color":"var(--ast-global-color-5)","background-image":"","background-repeat":"repeat","background-position":"center center","background-size":"auto","background-attachment":"scroll","background-type":"","background-media":"","overlay-type":"","overlay-color":"","overlay-opacity":"","overlay-gradient":""}}},"product_brand":[],"product_cat":[54],"product_tag":[],"class_list":{"0":"post-2799","1":"product","2":"type-product","3":"status-publish","4":"has-post-thumbnail","6":"product_cat-cuisine-electromenager","7":"desktop-align-left","8":"tablet-align-left","9":"mobile-align-left","11":"first","12":"instock","13":"taxable","14":"shipping-taxable","15":"purchasable","16":"product-type-simple"},"aioseo_notices":[],"uagb_featured_image_src":{"full":["https:\/\/wedasha.wedashaandmore.com\/wp-content\/uploads\/2025\/10\/41f0b4e6-d727-4c50-a7ba-883bd7a81983.png",2000,2000,false],"thumbnail":["https:\/\/wedasha.wedashaandmore.com\/wp-content\/uploads\/2025\/10\/41f0b4e6-d727-4c50-a7ba-883bd7a81983-150x150.png",150,150,true],"medium":["https:\/\/wedasha.wedashaandmore.com\/wp-content\/uploads\/2025\/10\/41f0b4e6-d727-4c50-a7ba-883bd7a81983-300x300.png",300,300,true],"medium_large":["https:\/\/wedasha.wedashaandmore.com\/wp-content\/uploads\/2025\/10\/41f0b4e6-d727-4c50-a7ba-883bd7a81983-768x768.png",768,768,true],"large":["https:\/\/wedasha.wedashaandmore.com\/wp-content\/uploads\/2025\/10\/41f0b4e6-d727-4c50-a7ba-883bd7a81983-1024x1024.png",1024,1024,true],"1536x1536":["https:\/\/wedasha.wedashaandmore.com\/wp-content\/uploads\/2025\/10\/41f0b4e6-d727-4c50-a7ba-883bd7a81983-1536x1536.png",1536,1536,true],"2048x2048":["https:\/\/wedasha.wedashaandmore.com\/wp-content\/uploads\/2025\/10\/41f0b4e6-d727-4c50-a7ba-883bd7a81983.png",2000,2000,false],"trp-custom-language-flag":["https:\/\/wedasha.wedashaandmore.com\/wp-content\/uploads\/2025\/10\/41f0b4e6-d727-4c50-a7ba-883bd7a81983-12x12.png",12,12,true],"mailpoet_newsletter_max":["https:\/\/wedasha.wedashaandmore.com\/wp-content\/uploads\/2025\/10\/41f0b4e6-d727-4c50-a7ba-883bd7a81983-1320x1320.png",1320,1320,true],"woocommerce_thumbnail":["https:\/\/wedasha.wedashaandmore.com\/wp-content\/uploads\/2025\/10\/41f0b4e6-d727-4c50-a7ba-883bd7a81983-300x300.png",300,300,true],"woocommerce_single":["https:\/\/wedasha.wedashaandmore.com\/wp-content\/uploads\/2025\/10\/41f0b4e6-d727-4c50-a7ba-883bd7a81983-400x400.png",400,400,true],"woocommerce_gallery_thumbnail":["https:\/\/wedasha.wedashaandmore.com\/wp-content\/uploads\/2025\/10\/41f0b4e6-d727-4c50-a7ba-883bd7a81983-100x100.png",100,100,true]},"uagb_author_info":{"display_name":"Rosier Eric","author_link":"https:\/\/wedasha.wedashaandmore.com\/en\/author\/"},"uagb_comment_info":0,"uagb_excerpt":"Transparent Electric Mini Chopper","_links":{"self":[{"href":"https:\/\/wedasha.wedashaandmore.com\/en\/wp-json\/wp\/v2\/product\/2799","targetHints":{"allow":["GET"]}}],"collection":[{"href":"https:\/\/wedasha.wedashaandmore.com\/en\/wp-json\/wp\/v2\/product"}],"about":[{"href":"https:\/\/wedasha.wedashaandmore.com\/en\/wp-json\/wp\/v2\/types\/product"}],"replies":[{"embeddable":true,"href":"https:\/\/wedasha.wedashaandmore.com\/en\/wp-json\/wp\/v2\/comments?post=2799"}],"wp:featuredmedia":[{"embeddable":true,"href":"https:\/\/wedasha.wedashaandmore.com\/en\/wp-json\/wp\/v2\/media\/2934"}],"wp:attachment":[{"href":"https:\/\/wedasha.wedashaandmore.com\/en\/wp-json\/wp\/v2\/media?parent=2799"}],"wp:term":[{"taxonomy":"product_brand","embeddable":true,"href":"https:\/\/wedasha.wedashaandmore.com\/en\/wp-json\/wp\/v2\/product_brand?post=2799"},{"taxonomy":"product_cat","embeddable":true,"href":"https:\/\/wedasha.wedashaandmore.com\/en\/wp-json\/wp\/v2\/product_cat?post=2799"},{"taxonomy":"product_tag","embeddable":true,"href":"https:\/\/wedasha.wedashaandmore.com\/en\/wp-json\/wp\/v2\/product_tag?post=2799"}],"curies":[{"name":"wp","href":"https:\/\/api.w.org\/{rel}","templated":true}]}}