{"id":545,"date":"2025-10-12T18:01:37","date_gmt":"2025-10-12T18:01:37","guid":{"rendered":"https:\/\/wedasha.wedashaandmore.com\/about\/"},"modified":"2025-10-17T01:22:49","modified_gmt":"2025-10-17T01:22:49","slug":"about","status":"publish","type":"page","link":"https:\/\/wedasha.wedashaandmore.com\/fr_fr\/about\/","title":{"rendered":"About"},"content":{"rendered":"\n<div class=\"wp-block-uagb-container uagb-block-47724a5d alignfull uagb-is-root-container\"><div class=\"uagb-container-inner-blocks-wrap\">\n<div class=\"wp-block-uagb-advanced-heading uagb-block-2c02248b\"><h1 class=\"uagb-heading-text\">\u00c0 propos de Wedasha<\/h1><\/div>\n<\/div><\/div>\n\n\n\n<section style=\"\n  background-color: #fff;\n  padding: 100px 40px;\n  font-family: 'Poppins', sans-serif;\n  text-align: center;\n  color: #444;\n\">\n\n  <!-- Titre -->\n  <h2 style=\"\n    font-size: 42px;\n    color: #E5B838;\n    margin-bottom: 10px;\n    letter-spacing: 1px;\n  \">\n    \u00c0 propos de Wedasha\n  <\/h2>\n  <p style=\"font-size: 18px; color: #777; margin-bottom: 60px;\">\n    La beaut\u00e9 naturelle r\u00e9v\u00e9l\u00e9e \u2013 Natural beauty revealed.\n  <\/p>\n\n  <!-- Contenu principal -->\n  <div style=\"\n    display: flex;\n    flex-wrap: wrap;\n    justify-content: center;\n    align-items: center;\n    gap: 60px;\n  \">\n\n    <!-- Texte -->\n    <div style=\"max-width: 500px; text-align: left;\">\n      <p style=\"font-size: 18px; color: #555; line-height: 1.8;\">\n        \ud83c\udf38 <strong>Wedasha Store and More<\/strong> est une marque de beaut\u00e9 fond\u00e9e avec passion par Eric &#038; son \u00e9pouse.\n        Inspir\u00e9e par la nature et la douceur, Wedasha c\u00e9l\u00e8bre chaque femme \u00e0 travers des soins d\u00e9licats, raffin\u00e9s et efficaces.\n      <\/p>\n      <p style=\"font-size: 18px; color: #555; line-height: 1.8;\">\n        Nos produits <strong>Erina<\/strong> sont cr\u00e9\u00e9s pour nourrir, illuminer et sublimer la peau sans compromis.  \n        La beaut\u00e9 authentique commence par la confiance en soi et la simplicit\u00e9.\n      <\/p>\n\n      <hr style=\"margin: 30px 0; border: none; height: 1px; background-color: #E5B838; width: 60%;\">\n\n      <p style=\"font-size: 16px; color: #777; font-style: italic;\">\n        \ud83d\udcac \u201cAt Wedasha, we believe beauty is not about changing who you are, but revealing the natural glow within you.\u201d\n      <\/p>\n    <\/div>\n\n    <!-- Image -->\n    <div style=\"max-width: 400px;\">\n      <img decoding=\"async\" src=\"https:\/\/wedasha.wedashaandmore.com\/wp-content\/uploads\/2025\/10\/beaute2.jpg\"\n           alt=\"\u00c0 propos de Wedasha\"\n           style=\"width: 100%; border-radius: 20px; box-shadow: 0 6px 25px rgba(0,0,0,0.1);\">\n    <\/div>\n\n  <\/div>\n<\/section>\n\n<!-- RESPONSIVE DESIGN -->\n<style>\n@media (max-width: 768px) {\n  section div[style*='display: flex'] {\n    flex-direction: column !important;\n    text-align: center !important;\n  }\n  section h2 {\n    font-size: 32px !important;\n  }\n  section p {\n    font-size: 16px !important;\n  }\n}\n<\/style>\n\n","protected":false},"excerpt":{"rendered":"<p>\u00c0 propos de Wedasha \u00c0 propos de Wedasha La beaut\u00e9 naturelle r\u00e9v\u00e9l\u00e9e \u2013 Natural beauty revealed. \ud83c\udf38 Wedasha Store and More est une marque de beaut\u00e9 fond\u00e9e avec passion par Eric &#038; son \u00e9pouse. Inspir\u00e9e par la nature et la douceur, Wedasha c\u00e9l\u00e8bre chaque femme \u00e0 travers des soins d\u00e9licats, raffin\u00e9s et efficaces. Nos produits [&hellip;]<\/p>\n","protected":false},"author":1,"featured_media":2287,"parent":0,"menu_order":0,"comment_status":"closed","ping_status":"closed","template":"","meta":{"om_disable_all_campaigns":false,"_uag_custom_page_level_css":"","_monsterinsights_skip_tracking":false,"_monsterinsights_sitenote_active":false,"_monsterinsights_sitenote_note":"","_monsterinsights_sitenote_category":0,"_view_id":"","site-sidebar-layout":"no-sidebar","site-content-layout":"plain-container","ast-site-content-layout":"full-width-container","site-content-style":"unboxed","site-sidebar-style":"unboxed","ast-global-header-display":"","ast-banner-title-visibility":"","ast-main-header-display":"","ast-hfb-above-header-display":"","ast-hfb-below-header-display":"","ast-hfb-mobile-header-display":"","site-post-title":"disabled","ast-breadcrumbs-content":"disabled","ast-featured-img":"disabled","footer-sml-layout":"","ast-disable-related-posts":"","theme-transparent-header-meta":"enabled","adv-header-id-meta":"","stick-header-meta":"","header-above-stick-meta":"","header-main-stick-meta":"","header-below-stick-meta":"","astra-migrate-meta-layouts":"set","ast-page-background-enabled":"default","ast-page-background-meta":{"desktop":{"background-color":"","background-image":"","background-repeat":"repeat","background-position":"center center","background-size":"auto","background-attachment":"scroll","background-type":"","background-media":"","overlay-type":"","overlay-color":"","overlay-opacity":"","overlay-gradient":""},"tablet":{"background-color":"","background-image":"","background-repeat":"repeat","background-position":"center center","background-size":"auto","background-attachment":"scroll","background-type":"","background-media":"","overlay-type":"","overlay-color":"","overlay-opacity":"","overlay-gradient":""},"mobile":{"background-color":"","background-image":"","background-repeat":"repeat","background-position":"center center","background-size":"auto","background-attachment":"scroll","background-type":"","background-media":"","overlay-type":"","overlay-color":"","overlay-opacity":"","overlay-gradient":""}},"ast-content-background-meta":{"desktop":{"background-color":"var(--ast-global-color-5)","background-image":"","background-repeat":"repeat","background-position":"center center","background-size":"auto","background-attachment":"scroll","background-type":"","background-media":"","overlay-type":"","overlay-color":"","overlay-opacity":"","overlay-gradient":""},"tablet":{"background-color":"var(--ast-global-color-5)","background-image":"","background-repeat":"repeat","background-position":"center center","background-size":"auto","background-attachment":"scroll","background-type":"","background-media":"","overlay-type":"","overlay-color":"","overlay-opacity":"","overlay-gradient":""},"mobile":{"background-color":"var(--ast-global-color-5)","background-image":"","background-repeat":"repeat","background-position":"center center","background-size":"auto","background-attachment":"scroll","background-type":"","background-media":"","overlay-type":"","overlay-color":"","overlay-opacity":"","overlay-gradient":""}},"footnotes":""},"class_list":["post-545","page","type-page","status-publish","has-post-thumbnail","hentry"],"aioseo_notices":[],"_hostinger_reach_plugin_has_subscription_block":false,"_hostinger_reach_plugin_is_elementor":false,"uagb_featured_image_src":{"full":["https:\/\/wedasha.wedashaandmore.com\/wp-content\/uploads\/2025\/10\/OIP-2-1.jpg",474,474,false],"thumbnail":["https:\/\/wedasha.wedashaandmore.com\/wp-content\/uploads\/2025\/10\/OIP-2-1-150x150.jpg",150,150,true],"medium":["https:\/\/wedasha.wedashaandmore.com\/wp-content\/uploads\/2025\/10\/OIP-2-1-300x300.jpg",300,300,true],"medium_large":["https:\/\/wedasha.wedashaandmore.com\/wp-content\/uploads\/2025\/10\/OIP-2-1.jpg",474,474,false],"large":["https:\/\/wedasha.wedashaandmore.com\/wp-content\/uploads\/2025\/10\/OIP-2-1.jpg",474,474,false],"1536x1536":["https:\/\/wedasha.wedashaandmore.com\/wp-content\/uploads\/2025\/10\/OIP-2-1.jpg",474,474,false],"2048x2048":["https:\/\/wedasha.wedashaandmore.com\/wp-content\/uploads\/2025\/10\/OIP-2-1.jpg",474,474,false],"trp-custom-language-flag":["https:\/\/wedasha.wedashaandmore.com\/wp-content\/uploads\/2025\/10\/OIP-2-1-12x12.jpg",12,12,true],"mailpoet_newsletter_max":["https:\/\/wedasha.wedashaandmore.com\/wp-content\/uploads\/2025\/10\/OIP-2-1.jpg",474,474,false],"woocommerce_thumbnail":["https:\/\/wedasha.wedashaandmore.com\/wp-content\/uploads\/2025\/10\/OIP-2-1-300x300.jpg",300,300,true],"woocommerce_single":["https:\/\/wedasha.wedashaandmore.com\/wp-content\/uploads\/2025\/10\/OIP-2-1-400x400.jpg",400,400,true],"woocommerce_gallery_thumbnail":["https:\/\/wedasha.wedashaandmore.com\/wp-content\/uploads\/2025\/10\/OIP-2-1-100x100.jpg",100,100,true]},"uagb_author_info":{"display_name":"Rosier Eric","author_link":"https:\/\/wedasha.wedashaandmore.com\/fr_fr\/author\/rosiererik2014gmail-com\/"},"uagb_comment_info":0,"uagb_excerpt":"\u00c0 propos de Wedasha \u00c0 propos de Wedasha La beaut\u00e9 naturelle r\u00e9v\u00e9l\u00e9e \u2013 Natural beauty revealed. \ud83c\udf38 Wedasha Store and More est une marque de beaut\u00e9 fond\u00e9e avec passion par Eric &#038; son \u00e9pouse. Inspir\u00e9e par la nature et la douceur, Wedasha c\u00e9l\u00e8bre chaque femme \u00e0 travers des soins d\u00e9licats, raffin\u00e9s et efficaces. Nos produits\u2026","_links":{"self":[{"href":"https:\/\/wedasha.wedashaandmore.com\/fr_fr\/wp-json\/wp\/v2\/pages\/545","targetHints":{"allow":["GET"]}}],"collection":[{"href":"https:\/\/wedasha.wedashaandmore.com\/fr_fr\/wp-json\/wp\/v2\/pages"}],"about":[{"href":"https:\/\/wedasha.wedashaandmore.com\/fr_fr\/wp-json\/wp\/v2\/types\/page"}],"author":[{"embeddable":true,"href":"https:\/\/wedasha.wedashaandmore.com\/fr_fr\/wp-json\/wp\/v2\/users\/1"}],"replies":[{"embeddable":true,"href":"https:\/\/wedasha.wedashaandmore.com\/fr_fr\/wp-json\/wp\/v2\/comments?post=545"}],"version-history":[{"count":17,"href":"https:\/\/wedasha.wedashaandmore.com\/fr_fr\/wp-json\/wp\/v2\/pages\/545\/revisions"}],"predecessor-version":[{"id":2355,"href":"https:\/\/wedasha.wedashaandmore.com\/fr_fr\/wp-json\/wp\/v2\/pages\/545\/revisions\/2355"}],"wp:featuredmedia":[{"embeddable":true,"href":"https:\/\/wedasha.wedashaandmore.com\/fr_fr\/wp-json\/wp\/v2\/media\/2287"}],"wp:attachment":[{"href":"https:\/\/wedasha.wedashaandmore.com\/fr_fr\/wp-json\/wp\/v2\/media?parent=545"}],"curies":[{"name":"wp","href":"https:\/\/api.w.org\/{rel}","templated":true}]}}