{"id":6,"date":"2025-10-12T18:00:16","date_gmt":"2025-10-12T18:00:16","guid":{"rendered":"http:\/\/wedasha.wedashaandmore.com\/index.php\/shop\/"},"modified":"2025-10-17T00:56:13","modified_gmt":"2025-10-17T00:56:13","slug":"shop","status":"publish","type":"page","link":"https:\/\/wedasha.wedashaandmore.com\/fr_fr\/shop\/","title":{"rendered":"Nos collections"},"content":{"rendered":"\n<!-- \ud83c\udf38 COLLECTION ERINA -->\n<section style=\"background: linear-gradient(135deg, #fce3ea, #fdebd0); padding: 100px 40px; text-align: center; font-family: 'Poppins', sans-serif; border-radius: 15px; margin-bottom: 60px; color: #4a2c2a; position: relative; overflow: hidden;\">\n  <!-- Logo -->\n  <div style=\"position:absolute; top:25px; left:25px; font-weight:700; color:#E5B838; font-size:22px; letter-spacing:1px;\">WSM<\/div>\n\n  <h2 style=\"font-size: 46px; color: #E5B838; margin-bottom: 15px; text-transform: uppercase; letter-spacing: 1px;\">\n    Collection ERINA\n  <\/h2>\n\n  <p style=\"font-size: 18px; color: #6b4c47; max-width: 700px; margin: 0 auto 40px auto;\">\n    D\u00e9couvrez <strong>Erina by Wedasha<\/strong> \u2013 une gamme de soins doux et raffin\u00e9s pour une peau \u00e9clatante.  \n    <br><em>Illuminez, hydratez et r\u00e9v\u00e9lez votre beaut\u00e9 naturelle.<\/em>\n  <\/p>\n\n  <div style=\"display: flex; justify-content: center; gap: 60px; flex-wrap: wrap; margin-top: 40px;\">\n    <div>\n      <img decoding=\"async\" src=\"https:\/\/wedasha.wedashaandmore.com\/wp-content\/uploads\/2025\/10\/erina-glow-serum-1.jpg\" alt=\"Erina Glow Serum\" style=\"width:180px; border-radius:15px; box-shadow:0 4px 10px rgba(0,0,0,0.15);\">\n      <h4 style=\"margin-top:10px; color:#E5B838;\">Erina Glow Serum<\/h4>\n      <a href=\"\/product\/erina-glow-serum\" style=\"background-color:#E5B838; color:white; text-decoration:none; padding:10px 22px; border-radius:8px; font-weight:bold; text-transform:uppercase; display:inline-block; margin-top:10px;\">\n        D\u00e9couvrir\n      <\/a>\n    <\/div>\n\n    <div>\n      <img decoding=\"async\" src=\"https:\/\/wedasha.wedashaandmore.com\/wp-content\/uploads\/2025\/10\/erina-soft-cream.jpg\" alt=\"Erina Soft Cream\" style=\"width:180px; border-radius:15px; box-shadow:0 4px 10px rgba(0,0,0,0.15);\">\n      <h4 style=\"margin-top:10px; color:#E5B838;\">Erina Soft Cream<\/h4>\n      <a href=\"https:\/\/wedasha.wedashaandmore.com\/product\/erina-creme-douc\u2026ft-cream-blanche\/\" style=\"background-color:#E5B838; color:white; text-decoration:none; padding:10px 22px; border-radius:8px; font-weight:bold; text-transform:uppercase; display:inline-block; margin-top:10px;\">\n        D\u00e9couvrir\n      <\/a>\n    <\/div>\n  <\/div>\n\n  <!-- Bouton principal -->\n  <div style=\"margin-top: 60px;\">\n    <a href=\"\/shop\" style=\"background-color:#E5B838; color:white; text-decoration:none; padding:15px 35px; border-radius:30px; font-size:18px; font-weight:600; transition:background 0.3s; box-shadow:0 4px 10px rgba(0,0,0,0.15);\" \n    onmouseover=\"this.style.backgroundColor='#d1a630'\" onmouseout=\"this.style.backgroundColor='#E5B838'\">\n      D\u00e9couvrir toute la collection\n    <\/a>\n  <\/div>\n<\/section>\n\n<!-- \ud83d\udca4 COLLECTION WEDRIC -->\n<section style=\"background: linear-gradient(135deg, #fff1e8, #f6d1c2); padding: 80px 40px; text-align: center; font-family: 'Poppins', sans-serif; border-radius: 15px; color: #4a2c2a;\">\n  <h2 style=\"font-size: 46px; color: #E5B838; margin-bottom: 15px; text-transform: uppercase;\">\n    Collection WEDRIC\n  <\/h2>\n\n  <p style=\"font-size: 18px; color: #6b4c47; max-width: 700px; margin: 0 auto 40px auto;\">\n    D\u00e9couvrez le confort ultime avec <strong>Wedric Pillow Collection<\/strong> \u2013 \u00e9l\u00e9gance, douceur et soutien pour vos nuits.  \n    <br><em>Vivez le confort et le style ultime.<\/em>\n  <\/p>\n\n  <div style=\"display: flex; justify-content: center; gap: 60px; flex-wrap: wrap; margin-top: 40px;\">\n    <div>\n      <img decoding=\"async\" src=\"https:\/\/wedasha.wedashaandmore.com\/wp-content\/uploads\/2025\/10\/wedric-pillow-U-1.jpg\" alt=\"Wedric Soft Pillow\" style=\"width:220px; border-radius:15px; box-shadow:0 4px 10px rgba(0,0,0,0.15);\">\n      <h4 style=\"margin-top:10px; color:#E5B838;\">Wedric Soft Pillow<\/h4>\n      <a href=\"\/product\/wedric-soft-pillow\" style=\"background-color:#E5B838; color:white; text-decoration:none; padding:10px 22px; border-radius:8px; font-weight:bold; text-transform:uppercase; display:inline-block; margin-top:10px;\">\n        D\u00e9couvrir\n      <\/a>\n    <\/div>\n\n    <div>\n      <img decoding=\"async\" src=\"https:\/\/wedasha.wedashaandmore.com\/wp-content\/uploads\/2025\/10\/ChatGPT-Image-13-oct.-2025-23_46_51.png\" alt=\"Wedric Luxury Pillow\" style=\"width:220px; border-radius:15px; box-shadow:0 4px 10px rgba(0,0,0,0.15);\">\n      <h4 style=\"margin-top:10px; color:#E5B838;\">Wedric Luxury Pillow<\/h4>\n      <a href=\"\/product\/wedric-luxury-pillow\" style=\"background-color:#E5B838; color:white; text-decoration:none; padding:10px 22px; border-radius:8px; font-weight:bold; text-transform:uppercase; display:inline-block; margin-top:10px;\">\n        D\u00e9couvrir\n      <\/a>\n    <\/div>\n  <\/div>\n<\/section>\n\n\n\n<!-- SECTION 2 : NOS PRODUITS VEDETTES -->\n<section style=\"\n  background-color: #fff5f8;\n  padding: 100px 40px;\n  font-family: 'Poppins', sans-serif;\n  text-align: center;\n  color: #444;\n\">\n\n  <!-- Titre principal -->\n  <h2 style=\"\n    font-size: 42px;\n    color: #E5B838;\n    margin-bottom: 10px;\n    letter-spacing: 1px;\n  \">\n    Nos Produits Vedettes\n  <\/h2>\n  <p style=\"font-size: 18px; color: #777; margin-bottom: 60px;\">\n    D\u00e9couvrez nos soins de beaut\u00e9 Erina, con\u00e7us pour r\u00e9v\u00e9ler votre \u00e9clat naturel.\n  <\/p>\n\n  <!-- Grille de produits -->\n  <div style=\"\n    display: flex;\n    flex-wrap: wrap;\n    justify-content: center;\n    gap: 60px;\n  \">\n\n    <!-- Produit 1 -->\n    <div style=\"\n      background-color: #fff;\n      border-radius: 20px;\n      box-shadow: 0 4px 20px rgba(0,0,0,0.1);\n      width: 300px;\n      padding: 30px;\n      transition: transform 0.3s ease;\n    \" onmouseover=\"this.style.transform='scale(1.05)'\" onmouseout=\"this.style.transform='scale(1)'\">\n      <img decoding=\"async\" src=\"https:\/\/wedasha.wedashaandmore.com\/wp-content\/uploads\/2025\/10\/erina-glow-serum.png\"\n           alt=\"Erina Glow Serum\"\n           style=\"width: 100%; border-radius: 15px; margin-bottom: 20px;\">\n      <h3 style=\"color: #E5B838; font-size: 22px; margin-bottom: 10px;\">Erina Glow Serum<\/h3>\n      <p style=\"font-size: 16px; color: #555; line-height: 1.6;\">\n        Un s\u00e9rum illuminateur enrichi en ingr\u00e9dients naturels pour hydrater,\n        lisser et sublimer votre peau jour apr\u00e8s jour.\n      <\/p>\n      <a href=\"#shop\" style=\"\n        display: inline-block;\n        margin-top: 20px;\n        background-color: #E5B838;\n        color: #fff;\n        text-decoration: none;\n        padding: 12px 25px;\n        border-radius: 30px;\n        font-weight: 600;\n        transition: background 0.3s;\n      \" onmouseover=\"this.style.backgroundColor='#d4a92f'\" onmouseout=\"this.style.backgroundColor='#E5B838'\">\n        D\u00e9couvrir\n      <\/a>\n    <\/div>\n\n    <!-- Produit 2 -->\n    <div style=\"\n      background-color: #fff;\n      border-radius: 20px;\n      box-shadow: 0 4px 20px rgba(0,0,0,0.1);\n      width: 300px;\n      padding: 30px;\n      transition: transform 0.3s ease;\n    \" onmouseover=\"this.style.transform='scale(1.05)'\" onmouseout=\"this.style.transform='scale(1)'\">\n      <img decoding=\"async\" src=\"https:\/\/wedasha.wedashaandmore.com\/wp-content\/uploads\/2025\/10\/erina-soft-cream1.jpg\"\n           alt=\"Erina Soft Cream\"\n           style=\"width: 100%; border-radius: 15px; margin-bottom: 20px;\">\n      <h3 style=\"color: #E5B838; font-size: 22px; margin-bottom: 10px;\">Erina Soft Cream<\/h3>\n      <p style=\"font-size: 16px; color: #555; line-height: 1.6;\">\n        Une cr\u00e8me hydratante douce et soyeuse pour nourrir la peau,\n        restaurer son \u00e9lasticit\u00e9 et r\u00e9v\u00e9ler une douceur naturelle.\n      <\/p>\n      <a href=\"#shop\" style=\"\n        display: inline-block;\n        margin-top: 20px;\n        background-color: #E5B838;\n        color: #fff;\n        text-decoration: none;\n        padding: 12px 25px;\n        border-radius: 30px;\n        font-weight: 600;\n        transition: background 0.3s;\n      \" onmouseover=\"this.style.backgroundColor='#d4a92f'\" onmouseout=\"this.style.backgroundColor='#E5B838'\">\n        D\u00e9couvrir\n      <\/a>\n    <\/div>\n  <\/div>\n<\/section>\n\n<!-- RESPONSIVE DESIGN -->\n<style>\n@media (max-width: 768px) {\n  section h2 {\n    font-size: 32px !important;\n  }\n  section div[style*=\"display: flex\"] {\n    flex-direction: column !important;\n    align-items: center !important;\n  }\n  section div[style*=\"width: 300px\"] {\n    width: 90% !important;\n  }\n}\n<\/style>\n\n\n\n<p><\/p>\n","protected":false},"excerpt":{"rendered":"<p>WSM Collection ERINA D\u00e9couvrez Erina by Wedasha \u2013 une gamme de soins doux et raffin\u00e9s pour une peau \u00e9clatante. Illuminez, hydratez et r\u00e9v\u00e9lez votre beaut\u00e9 naturelle. Erina Glow Serum D\u00e9couvrir Erina Soft Cream D\u00e9couvrir D\u00e9couvrir toute la collection Collection WEDRIC D\u00e9couvrez le confort ultime avec Wedric Pillow Collection \u2013 \u00e9l\u00e9gance, douceur et soutien pour vos [&hellip;]<\/p>\n","protected":false},"author":1,"featured_media":2231,"parent":0,"menu_order":0,"comment_status":"closed","ping_status":"closed","template":"","meta":{"om_disable_all_campaigns":false,"_uag_custom_page_level_css":"","_monsterinsights_skip_tracking":false,"_monsterinsights_sitenote_active":false,"_monsterinsights_sitenote_note":"","_monsterinsights_sitenote_category":0,"_view_id":"","site-sidebar-layout":"default","site-content-layout":"","ast-site-content-layout":"default","site-content-style":"default","site-sidebar-style":"default","ast-global-header-display":"","ast-banner-title-visibility":"","ast-main-header-display":"","ast-hfb-above-header-display":"","ast-hfb-below-header-display":"","ast-hfb-mobile-header-display":"","site-post-title":"","ast-breadcrumbs-content":"","ast-featured-img":"","footer-sml-layout":"","ast-disable-related-posts":"","theme-transparent-header-meta":"","adv-header-id-meta":"","stick-header-meta":"","header-above-stick-meta":"","header-main-stick-meta":"","header-below-stick-meta":"","astra-migrate-meta-layouts":"set","ast-page-background-enabled":"default","ast-page-background-meta":{"desktop":{"background-color":"","background-image":"","background-repeat":"repeat","background-position":"center center","background-size":"auto","background-attachment":"scroll","background-type":"","background-media":"","overlay-type":"","overlay-color":"","overlay-opacity":"","overlay-gradient":""},"tablet":{"background-color":"","background-image":"","background-repeat":"repeat","background-position":"center center","background-size":"auto","background-attachment":"scroll","background-type":"","background-media":"","overlay-type":"","overlay-color":"","overlay-opacity":"","overlay-gradient":""},"mobile":{"background-color":"","background-image":"","background-repeat":"repeat","background-position":"center center","background-size":"auto","background-attachment":"scroll","background-type":"","background-media":"","overlay-type":"","overlay-color":"","overlay-opacity":"","overlay-gradient":""}},"ast-content-background-meta":{"desktop":{"background-color":"var(--ast-global-color-5)","background-image":"","background-repeat":"repeat","background-position":"center center","background-size":"auto","background-attachment":"scroll","background-type":"","background-media":"","overlay-type":"","overlay-color":"","overlay-opacity":"","overlay-gradient":""},"tablet":{"background-color":"var(--ast-global-color-5)","background-image":"","background-repeat":"repeat","background-position":"center center","background-size":"auto","background-attachment":"scroll","background-type":"","background-media":"","overlay-type":"","overlay-color":"","overlay-opacity":"","overlay-gradient":""},"mobile":{"background-color":"var(--ast-global-color-5)","background-image":"","background-repeat":"repeat","background-position":"center center","background-size":"auto","background-attachment":"scroll","background-type":"","background-media":"","overlay-type":"","overlay-color":"","overlay-opacity":"","overlay-gradient":""}},"footnotes":""},"class_list":["post-6","page","type-page","status-publish","has-post-thumbnail","hentry"],"aioseo_notices":[],"_hostinger_reach_plugin_has_subscription_block":false,"_hostinger_reach_plugin_is_elementor":false,"uagb_featured_image_src":{"full":["https:\/\/wedasha.wedashaandmore.com\/wp-content\/uploads\/2025\/10\/erina-glow-serum.png",339,416,false],"thumbnail":["https:\/\/wedasha.wedashaandmore.com\/wp-content\/uploads\/2025\/10\/erina-glow-serum-150x150.png",150,150,true],"medium":["https:\/\/wedasha.wedashaandmore.com\/wp-content\/uploads\/2025\/10\/erina-glow-serum-244x300.png",244,300,true],"medium_large":["https:\/\/wedasha.wedashaandmore.com\/wp-content\/uploads\/2025\/10\/erina-glow-serum.png",339,416,false],"large":["https:\/\/wedasha.wedashaandmore.com\/wp-content\/uploads\/2025\/10\/erina-glow-serum.png",339,416,false],"1536x1536":["https:\/\/wedasha.wedashaandmore.com\/wp-content\/uploads\/2025\/10\/erina-glow-serum.png",339,416,false],"2048x2048":["https:\/\/wedasha.wedashaandmore.com\/wp-content\/uploads\/2025\/10\/erina-glow-serum.png",339,416,false],"trp-custom-language-flag":["https:\/\/wedasha.wedashaandmore.com\/wp-content\/uploads\/2025\/10\/erina-glow-serum-10x12.png",10,12,true],"mailpoet_newsletter_max":["https:\/\/wedasha.wedashaandmore.com\/wp-content\/uploads\/2025\/10\/erina-glow-serum.png",339,416,false],"woocommerce_thumbnail":["https:\/\/wedasha.wedashaandmore.com\/wp-content\/uploads\/2025\/10\/erina-glow-serum-300x300.png",300,300,true],"woocommerce_single":["https:\/\/wedasha.wedashaandmore.com\/wp-content\/uploads\/2025\/10\/erina-glow-serum.png",339,416,false],"woocommerce_gallery_thumbnail":["https:\/\/wedasha.wedashaandmore.com\/wp-content\/uploads\/2025\/10\/erina-glow-serum-100x100.png",100,100,true]},"uagb_author_info":{"display_name":"Rosier Eric","author_link":"https:\/\/wedasha.wedashaandmore.com\/fr_fr\/author\/rosiererik2014gmail-com\/"},"uagb_comment_info":0,"uagb_excerpt":"WSM Collection ERINA D\u00e9couvrez Erina by Wedasha \u2013 une gamme de soins doux et raffin\u00e9s pour une peau \u00e9clatante. Illuminez, hydratez et r\u00e9v\u00e9lez votre beaut\u00e9 naturelle. Erina Glow Serum D\u00e9couvrir Erina Soft Cream D\u00e9couvrir D\u00e9couvrir toute la collection Collection WEDRIC D\u00e9couvrez le confort ultime avec Wedric Pillow Collection \u2013 \u00e9l\u00e9gance, douceur et soutien pour vos\u2026","_links":{"self":[{"href":"https:\/\/wedasha.wedashaandmore.com\/fr_fr\/wp-json\/wp\/v2\/pages\/6","targetHints":{"allow":["GET"]}}],"collection":[{"href":"https:\/\/wedasha.wedashaandmore.com\/fr_fr\/wp-json\/wp\/v2\/pages"}],"about":[{"href":"https:\/\/wedasha.wedashaandmore.com\/fr_fr\/wp-json\/wp\/v2\/types\/page"}],"author":[{"embeddable":true,"href":"https:\/\/wedasha.wedashaandmore.com\/fr_fr\/wp-json\/wp\/v2\/users\/1"}],"replies":[{"embeddable":true,"href":"https:\/\/wedasha.wedashaandmore.com\/fr_fr\/wp-json\/wp\/v2\/comments?post=6"}],"version-history":[{"count":18,"href":"https:\/\/wedasha.wedashaandmore.com\/fr_fr\/wp-json\/wp\/v2\/pages\/6\/revisions"}],"predecessor-version":[{"id":2671,"href":"https:\/\/wedasha.wedashaandmore.com\/fr_fr\/wp-json\/wp\/v2\/pages\/6\/revisions\/2671"}],"wp:featuredmedia":[{"embeddable":true,"href":"https:\/\/wedasha.wedashaandmore.com\/fr_fr\/wp-json\/wp\/v2\/media\/2231"}],"wp:attachment":[{"href":"https:\/\/wedasha.wedashaandmore.com\/fr_fr\/wp-json\/wp\/v2\/media?parent=6"}],"curies":[{"name":"wp","href":"https:\/\/api.w.org\/{rel}","templated":true}]}}